{"id":2,"date":"2022-05-11T09:25:53","date_gmt":"2022-05-11T07:25:53","guid":{"rendered":"http:\/\/bregy-ineichen.ch\/?page_id=2"},"modified":"2022-05-11T09:41:46","modified_gmt":"2022-05-11T07:41:46","slug":"beispiel-seite","status":"publish","type":"page","link":"https:\/\/bregy-ineichen.ch\/es\/beispiel-seite\/","title":{"rendered":"P\u00e1gina de prueba"},"content":{"rendered":"\n<p>Esta es una p\u00e1gina de muestra. Es diferente de los mensajes porque siempre se mantiene en el mismo lugar y (con la mayor\u00eda de los temas) se muestra en la navegaci\u00f3n del sitio web. La mayor\u00eda comienza con un pie de imprenta, una pol\u00edtica de privacidad o una p\u00e1gina &#8220;sobre nosotros&#8221; para presentarse a los potenciales visitantes del sitio web. Podr\u00eda decir, por ejemplo:<\/p>\n\n\n\n<p>Hola! De d\u00eda trabajo como mensajero en bicicleta, de noche soy un aspirante a actor y este es mi sitio web. Vivo en Z\u00farich, tengo un perro grande que se llama Jack, me gustan las pi\u00f1as coladas pero menos que me dejen en la lluvia (sin paraguas)<\/p>\n\n\n\n<p>\u2026o algo as\u00ed:<\/p>\n\n\n\n<p>La empresa XYZ se fund\u00f3 en 1971 y desde entonces suministra al p\u00fablico productos de alta calidad. En su ubicaci\u00f3n en una peque\u00f1a gran ciudad, la empresa emplea a m\u00e1s de 2.000 personas y apoya a los residentes de la ciudad de muchas maneras.<\/p>\n\n\n\n<p>Como nuevo usuario de WordPress, debe ir a su panel de control para eliminar esta p\u00e1gina y crear nuevas p\u00e1ginas y entradas para su sitio. Divi\u00e9rtete.<\/p>\n","protected":false},"excerpt":{"rendered":"<p>Esta es una p\u00e1gina de muestra. Es diferente de los mensajes porque siempre se mantiene en el mismo lugar y (con la mayor\u00eda de los temas) se muestra en la navegaci\u00f3n del sitio web. La mayor\u00eda comienza con un pie de imprenta, una pol\u00edtica de privacidad o una p\u00e1gina &#8220;sobre nosotros&#8221; para presentarse a los [&hellip;]<\/p>\n","protected":false},"author":1,"featured_media":0,"parent":0,"menu_order":0,"comment_status":"closed","ping_status":"open","template":"","meta":{"footnotes":""},"class_list":["post-2","page","type-page","status-publish","hentry"],"translation":{"provider":"WPGlobus","version":"2.8.11","language":"es","enabled_languages":["de","en","es"],"languages":{"de":{"title":true,"content":true,"excerpt":false},"en":{"title":true,"content":true,"excerpt":false},"es":{"title":true,"content":true,"excerpt":false}}},"_links":{"self":[{"href":"https:\/\/bregy-ineichen.ch\/es\/wp-json\/wp\/v2\/pages\/2","targetHints":{"allow":["GET"]}}],"collection":[{"href":"https:\/\/bregy-ineichen.ch\/es\/wp-json\/wp\/v2\/pages"}],"about":[{"href":"https:\/\/bregy-ineichen.ch\/es\/wp-json\/wp\/v2\/types\/page"}],"author":[{"embeddable":true,"href":"https:\/\/bregy-ineichen.ch\/es\/wp-json\/wp\/v2\/users\/1"}],"replies":[{"embeddable":true,"href":"https:\/\/bregy-ineichen.ch\/es\/wp-json\/wp\/v2\/comments?post=2"}],"version-history":[{"count":7,"href":"https:\/\/bregy-ineichen.ch\/es\/wp-json\/wp\/v2\/pages\/2\/revisions"}],"predecessor-version":[{"id":13,"href":"https:\/\/bregy-ineichen.ch\/es\/wp-json\/wp\/v2\/pages\/2\/revisions\/13"}],"wp:attachment":[{"href":"https:\/\/bregy-ineichen.ch\/es\/wp-json\/wp\/v2\/media?parent=2"}],"curies":[{"name":"wp","href":"https:\/\/api.w.org\/{rel}","templated":true}]}}